{"id":147,"date":"2017-05-31T08:30:42","date_gmt":"2017-05-31T08:30:42","guid":{"rendered":"http:\/\/rotarygallaplacidia.it\/cms\/?page_id=147"},"modified":"2020-07-12T19:43:45","modified_gmt":"2020-07-12T19:43:45","slug":"archivio-service","status":"publish","type":"page","link":"https:\/\/rotarygallaplacidia.it\/cms\/archivio-service\/","title":{"rendered":"Archivio Service"},"content":{"rendered":"\n<p><a href=\"http:\/\/rotarygallaplacidia.it\/cms\/archivio-service\/\">Visualizza pagina<\/a><\/p>\n\n\n<p><strong>Anno Rotariano 2019-20<\/strong><\/p>\n<p><strong>SERVICE FABIONLUS \u2013 LOTTA ALLA SLA (con RC RAVENNA)<\/strong><\/p>\n<p>Il Rotary Club Ravenna Galla Placidia e il Rotary Club Ravenna hanno organizzato, su iniziativa dei rispettivi gruppi consorti, una lotteria di beneficenza a sostegno dell&#8217;associazione Fabionlus (SLA). Grande successo, con il ricavato di 10.000 euro donati alla Fabionlus ( <a href=\"http:\/\/www.fabionlus.it\/home\">http:\/\/www.fabionlus.it\/home<\/a> ).<\/p>\n<p><strong>SERVICE \u201cPLASTIC FREE\u201d BORRACCE PER LICEO ORIANI (con RC RAVENNA)<\/strong><\/p>\n<p>Service per l\u2019eliminazione delle bottiglie in plastica monouso presenti all\u2019interno del Liceo Scientifico Oriani di Ravenna, con donazione agli studenti di una borraccia personalizzata con il logo della scuola ( e del Rotary ) da riempire ad appositi distributori di acqua della rete idrica pubblica installati nei locali dell\u2019istituto ( donati da a Romagna Acque ).<\/p>\n<p><strong>CONTRIBUTO PROGETTO \u201cDARSENA GROW UP\u201d \u2013 SERRA IDROPONICA<\/strong><\/p>\n<p>Darsena\u00a0 Grow Up \u00e8 un&#8217; impresa agricola formata da 5 studenti dell&#8217;Istituto Tecnico Agrario &#8220;Perdisa&#8221; di Ravenna che si sono adoperati per sviluppare un progetto innovativo di Agricoltura Idroponica. Sono riusciti ad allestire un container in disuso con l&#8217;attrezzatura atta a coltivare fuori suolo.<\/p>\n<p>Vantaggi tecnica idroponica:<\/p>\n<ul>\n<li>ALTE RESE PRODUTTIVE A LIVELLO QUALITATIVO E QUANTITATIVO<\/li>\n<li>ASSENZA DI FITOFARMACI<\/li>\n<li>MANCANZA DI STAGIONALITA\u2019<\/li>\n<li>SALVAGUARDIA DELL&#8217;AMBIENTE<\/li>\n<\/ul>\n<p>\u00a0<\/p>\n<p><strong>SERVICE 2 X CARRELLI E 1 X LAPTOP PER ONCOLOGIA OSPEDALE DI RAVENNA<\/strong><\/p>\n<p>Donazione di 2 carrelli ed 1 laptop ( valore complessivo 2.500 euro ) a Day Hospital oncologico Ospedale di Ravenna.<\/p>\n<p><strong>SERVICE VIDEOLARINGOSCOPIO PER OSPEDALE DI RAVENNA (COVID19) (con RC RAVENNA e RC CERVIA-CESENATICO)<\/strong><\/p>\n<p>Rotary Club Ravenna Galla Placidia, Rotary Club Ravenna, Rotary Club Cervia-Cesenatico hanno donato all\u2019U.O. Anestesia Rianimazione del Presidio Ospedaliero di Ravenna, per l\u2019emergenza epidemiologica COVID-19, un Videolaringoscopio portatile mod.McGRATH MAC. Cod. 300-000-000, comprensivo di batteria a scorta, del valore complessivo di Euro 10.000 e n.200 Lame monouso X Blade per intubazioni del valore complessivo di Euro 3.000.<\/p>\n<p><strong>SERVICE MONITOR VENTILATORE PER OSPEDALE DI RAVENNA (COVID19) (con RC RAVENNA e RC LUGO)<\/strong><\/p>\n<p>I Rotary Club RAVENNA GALLA PLACIDIA, Rotary Club RAVENNA, Rotary Club di LUGO hanno donato 1 Monitor B650 GE per la rilevazione ECG, SpO2, NIBP, 2 invasive e temperatura completo del modulo E-sCOVX-00 per i dati metabolici ( valore 18.000 euro ), per il seguente motivo: donazione per emergenza epidemiologica COVID19. E\u2019 stato destinato all\u2019Unit\u00e0 Operativa di Anestesia e Rianimazione del Presidio Ospedaliero \u201dSanta Maria delle Croci\u201d di Ravenna, dell\u2019ambito territoriale di Ravenna, dell\u2019Azienda U.S.L. della Romagna.<\/p>\n<p><strong>SERVICE MASCHERINE (COVID19)<\/strong><\/p>\n<p>600 mascherine sono state donate ad associazioni locali che ne avevano necessit\u00e0 durante l\u2019emergenza epidemiologica COVID19. Sono state quindi cos\u00ec suddivise e distribuite:<\/p>\n<ul>\n<li>300 pz. ad Anffas Ravenna onlus famiglie con disabili<\/li>\n<li>50 pz. alle suore carmelitane<\/li>\n<li>50 pz. a Dives in Misericordia<\/li>\n<li>200 pz. alla Fondazione San Rocco<\/li>\n<\/ul>\n<p><strong>CONTRIBUTO LOTTERIA RC FORLI\u2019 \u201cARTE DI DONARE\u201d (COVID19)<\/strong><\/p>\n<p><strong>SERVICE \u201cUMANIZZAZIONE DELLE CURE\u201d PER OSPEDALE DI RAVENNA<\/strong><\/p>\n<p>Progetto di umanizzazione delle cure dell&#8217;ospedale di Ravenna, in collaborazione con l&#8217;Istituto Nervi di Ravenna, sostenuto dallo Ior sezione di Ravenna ed il Rotary Club Galla Placidia di Ravenna. L\u2019importante progetto di collaborazione prevede la progettazione di opere o manufatti da collocare nell\u2019 Ospedale Santa Maria delle Croci di Ravenna con particolare attenzione all\u2019U.O Oncologia.<\/p>\n<p><strong>SERVICE HAPPY CAMP 2020<\/strong><\/p>\n<p><strong>SERVICE \u201cBIBLIOTECA VILLAGGIO DEL FANCIULLO\u201d (CON RICCARDO PAPA 20-21)<\/strong><\/p>\n<p><strong>SERVICE LIBRI SCOLASTICI<\/strong><\/p>\n<p><strong>CONT<\/strong><\/p>\n<p><strong>RIBUTO A PREMIO BASSI<\/strong><\/p>\n<p><strong><u>DISTRICT GRANT E GLOBAL GRANT:<\/u><\/strong><\/p>\n<ol>\n<li><strong>DISTRICT GRANT 2090147 \u2013 PROGETTO CREAZIONE \u201cAMBULATORIO FERITE DIFFICILI E PIEDE DIABETICO\u201d PER OSPEDALE DI RAVENNA<\/strong><\/li>\n<\/ol>\n<p>Il presidio ospedaliero di Ravenna allo stato attuale (2019) \u00e8 dotato di un ambulatorio denominato &#8220;Ferite Difficili e Piede Diabetico&#8221;. \u00a0L&#8217;ambulatorio \u00e8 sito al C.M.P. di Ravenna e tratta pazienti con diverse tipologie di perdite di sostanza di varia tipologia. Copre il fabbisogno di Ravenna e provincia con import anche da extra-regione. Visto il numero sempre pi\u00f9 crescente di prestazioni e la volont\u00e0 di creare un collegamento diretto con il Presidio ospedaliero nasce l&#8217;esigenza di creare uno spazio fisico direttamene in ospedale cos\u00ec da poter eseguire consulenze e prestazioni avanzate anche a pazienti ricoverati presso altre unit\u00e0 operative. <strong><u>Il nuovo ambulatorio che si verr\u00e0 a costituire nel 2020 con il supporto economico di RC Ravenna Galla Placidia<\/u><\/strong> avr\u00e0 la possibilit\u00e0 di poter effettuare prestazioni mediante tecniche avanzate di terapia (utilizzo di laser, medicina rigenerativa etc..). Inoltre, si costituir\u00e0 una equipe multidisciplinare ( ortopedico, internista, diabetologo, fisioterapista, chirurgo plastico, infermiere wound care, chirurgo vascolare) per la presa in carico del paziente. La gestione di tale ambulatorio \u00e8 medico-infermieristica per l&#8217;inquadramento completo dell&#8217;esigenza del paziente.<\/p>\n<ol start=\"2\">\n<li><strong>CAPOFILA GLOBAL GRANT 1863646 GER FOR LIFE (MONGOLIA)<\/strong><\/li>\n<\/ol>\n<p>Fornitura accesso a cure mediche, servizi igienico-sanitari, formazione professionale e inserimento lavorativo per famiglie di persone con disabilit\u00e0 a Ulan Bator, Mongolia. CON IL CONTRIBUTO DI: RC Ulaan Baatar Central (Host), RC Ravenna Galla Placidia (International), RC Castel Bolognese \u2013 Romagna Ovest, RC Cervia-Cesenatico, RC Faenza, RC Forl\u00ec, RC Imola, RC Lugo, RC Ravenna, RC Rimini, e il DISTRETTO 2072.<\/p>\n<ol start=\"3\">\n<li><strong>CONTRIBUTO GLOBAL GRANT 2001328 Rainwater Harvesting for Kiziranfumbi Secondary School (UGANDA)<\/strong><\/li>\n<\/ol>\n<p><strong>\u00a0<\/strong><\/p>\n<ol start=\"4\">\n<li><strong>CONTRIBUTO GLOBAL GRANT 1757637 Developing Women Peacebuilders in West Africa (NIGERIA)<\/strong><\/li>\n<\/ol>\n<p><strong>\u00a0<\/strong><\/p>\n<ol start=\"5\">\n<li><strong>CONTRIBUTO GLOBAL GRANT 2091992 Raccolta di acqua piovana per la comunit\u00e0 di El Pelicano &#8211; Santa Victoria Este (ARGENTINA)<\/strong><\/li>\n<\/ol>\n<p><strong>Anno 2015-2016<\/strong><\/p>\n<ul>\n<li>Fornitura libri di testo a 3 studenti bisognosi per i sette istituti secondari di II grado di Ravenna per complessivi 21 studenti e 200 libri;<\/li>\n<li>Corso di formazione in saldo-carpenteria per una decina di ospiti della Fondazione Nuovo Villaggio del Fanciullo (in collaborazione con SAPIR, Terminal Operator del Porto di Ravenna;<\/li>\n<li>Scambio annuale giovani: uno studente brasiliano, ospite di una famiglia ravennate, che frequenter\u00e0 il Liceo Scientifico;<\/li>\n<li>Partecipazione al progetto Romagna Nord &#8220;Laboratori di pittura e musica per tetraplegici&#8221; dell&#8217;Istituto Montecatone;<\/li>\n<li>Partecipazione di 5 studenti del Liceo Scientifico alla Conferenza mondiale &#8220;The Future of Science&#8221; (Venezia).<\/li>\n<\/ul>\n<p><strong>Anno 2014-2015<\/strong><\/p>\n<ul>\n<li>Mostra Alinari \u201cRavenna tra \u2018800 e \u2018900\u201d presso Casa Oriani per \u201cService Libri\u201d a favore degli studenti istituti superiori di Ravenna in difficolt\u00e0 economica;<\/li>\n<li>Progetto Assisla, per raccolta fondi per Associazione che segue presso il loro domicilio i malati di Sclerosi Laterale Amiotrofica;<\/li>\n<li>Mensa Don Ugo, in collaborazione con il Rotary Club Ravenna, con fornitura di generi alimentari di prima necessit\u00e0;<\/li>\n<\/ul>\n<p><strong>Anno 2013-2014<\/strong><\/p>\n<ul>\n<li>Service \u201cCasetta\u201d a favore Ospedale di Ravenna pro informatizzazione pronto soccorso;<\/li>\n<\/ul>\n<p><strong>Anno 2012-2013<\/strong><\/p>\n<ul>\n<li>Service Sant\u2019Agostino a favore della comunit\u00e0 colpita dal terremoto del 2012 consistente in barchino per controllo fiume Reno;<\/li>\n<li>Fornitura pulmino al dormitorio pubblico e centro di assistenza \u201cRe dei Girgenti\u201d;<\/li>\n<\/ul>\n<p><strong>Anno 2011-2013<\/strong><\/p>\n<ul>\n<li>Passaggio pedonale in Zona Dantesca a Ravenna per abbattimento delle barriere architettoniche\u00a0 realizzato nell\u2019ottobre 2012; Inaugurato il passaggio della Zona Dantesca a Ravenna &#8211; Il Progetto realizzato dal Rotary Club Ravenna Galla Placidia nasce dalla volont\u00e0 di abbattere le barriere architettoniche. Si tratta di un progetto di durata quinquennale, finanziato e sostenuto nel corso delle presidenze di Grazia Fenati, Oscar Monti, Michele Giambarba, Giovanni Gualtieri e Serena Casadio.<\/li>\n<\/ul>\n<ul>\n<li>Borsa di Studio (John Hopkins University, sede di Bologna)<\/li>\n<li>Serata sulla creazione con la recita dell\u2019opera teatrale Fiat Lux \u2013 E\u2019 fat dla creazion dell\u2019autore e poeta ravennate Nevio Spadoni<\/li>\n<\/ul>\n<p><strong>Anno 2009-2010 e 2010-2011<\/strong><\/p>\n<ul>\n<li>Elettroencefalografo \u2013 (Rep. Pediatria, Ospedale S.Maria delle Croci Ravenna;<\/li>\n<li>Ravenna Galla Placidia: Progetto acqua 2010<\/li>\n<li>Presentazione del libro \u201c30 Lustri d\u2019Italia\u201d che raccoglie le testimonianze dei relatori che hanno partecipato alle oltre 20 serate del Progetto Italia 150 &#8211; Il Progetto che prese avvio nel novembre 2009 e ha coinvolto, dato il suo carattere pedagogico, culturale e comunicativo gli alunni delle scuole della comunit\u00e0 ravennate<\/li>\n<\/ul>\n<p><strong>Anno 2008-2009<\/strong><\/p>\n<ul>\n<li>Reparto Pediatria: diagnosi precoce della sordit\u00e0 e trattamento dell\u2019ittero neonatale (con RC Ravenna);<\/li>\n<li>Barella doccia donata alla Casa Protetta Santa Chiara di Ravenna<\/li>\n<\/ul>\n<p><strong>Anno 2007-2008<\/strong><\/p>\n<ul>\n<li>Barella doccia donata alla Casa di Riposo Santa Chiara<\/li>\n<\/ul>\n<p><strong>Anno 2006-2007<\/strong><\/p>\n<ul>\n<li>Progetto Nazionale \u201cNati per Leggere\u201d &#8211; Progetto Speciale;<\/li>\n<li>Allestimento Spazio Lettura Scuola Comunale dell\u2019Infanzia \u201cIl Gabbiano\u201d (via Rotta, 45 \u2013 Ravenna)<\/li>\n<\/ul>\n<p><strong>Anno 2005 &#8211; 2006:<\/strong><\/p>\n<ul>\n<li>Dispositivo acustico impianto semaforico (via Molinetto\/Via Port\u2019Aurea)<\/li>\n<li>Stereomicroscopio binovulare tridimensionale e microscopio ottico per lo studio delle correlazioni clinico-patologiche (CPO Ravenna, Ambulatorio di Oncologia Dermatologica Preventiva<\/li>\n<li>Tavola Rotonda (Sala Corelli, Teatro Alighieri, 28.01.2006) dal titolo \u201cResponsabilit\u00e0 e Sicurezza. Relatori: Alessandro Mancini, Sost. Proc. Della Repubblica presso il Tribunale di Forl\u00ec e docente di Criminologia all\u2019Universit\u00e0 di Bologna, sede di Forl\u00ec: Gianluca Chiapponi, Sost.Proc. della Repubblica presso il Tribunale di Ravenna; Gianluca Dradi, Presidente del Consorzio per i servizi sociali di Ravenna, Russi, Cervia e Ausl; Fulvio Della Rocca, Questore di Ravenna; Sandro Mainardi, Presidente del Corso di Laurea in Scienze Giuridiche dell\u2019Universit\u00e0 di Bologna, sede di Ravenna. Coordinamento di Vanni Balestrazzi e con la presenza di Italo Giorgio Minguzzi, Governatore 2005-2006<\/li>\n<\/ul>\n<p><strong>\u00a0<\/strong><\/p>\n<p><strong>Services attuati dal Club nel Gruppo Romagna Nord o con il Rotary Ravenna<\/strong><\/p>\n<p><strong>Marzo 2017:<\/strong><\/p>\n<ul>\n<li>Progetto stroke unit ( Global Grant ) &#8211; Potenziamento di una STROKE UNIT, reparto preparato per la cura dell\u2019ictus.\u00a0\u00a0 L\u2019ospedale oggetto del GG &#8220;Stroke Unit in Bosnia\u201d \u00e8 il Bijeljina hospital. Realizzato con Global Grant in cui RC Ravenna \u00e8 soggetto promotore in collaborazione con RC Ravenna Galla Placidia e altri RC.<\/li>\n<\/ul>\n<p><strong>Marzo 2012:<\/strong><\/p>\n<ul>\n<li>Rotary Club Ravenna e Ravenna Galla Placidia<br \/>Nell\u2019ambito del progetto pediatria i due Rotary ravennati hanno donato al reparto di neonatologia dell\u2019Ospedale di Ravenna un elettroencefalografo portatile<\/li>\n<\/ul>\n<p><strong>Ottobre 2011:<\/strong><\/p>\n<ul>\n<li>Capofila Rotary Club Galla Placidia<br \/>Interclub Romagna Nord<br \/>Serata dal titolo \u201cOltre la solidariet\u00e0\u201d con Maurizio Scelli<\/li>\n<\/ul>\n<p><strong>Aprile 2010:<\/strong><\/p>\n<ul>\n<li>Capofila Rotary Club Galla Placidia<br \/>Organizzata dal Gruppo Romagna Nord<br \/>Giornata di studio sull\u2019uso differenziato delle risorse idriche<\/li>\n<\/ul>\n<p><strong>Dicembre 2008:<\/strong><\/p>\n<ul>\n<li>Rotary Club Ravenna e Ravenna Galla Placidia<br \/>Donate due apparecchiature alla Pediatria dell\u2019Ospedale di Ravenna per lo screening audiologico neonatale<\/li>\n<\/ul>","protected":false},"excerpt":{"rendered":"<p>Visualizza pagina Anno Rotariano 2019-20 SERVICE FABIONLUS \u2013 LOTTA ALLA SLA (con RC RAVENNA) Il Rotary Club Ravenna Galla Placidia e il Rotary Club Ravenna hanno organizzato, su iniziativa dei rispettivi gruppi consorti, una lotteria di beneficenza a sostegno dell&#8217;associazione Fabionlus (SLA). Grande successo, con il ricavato di 10.000 euro [&hellip;]<\/p>\n","protected":false},"author":1,"featured_media":0,"parent":0,"menu_order":0,"comment_status":"closed","ping_status":"closed","template":"","meta":{"jetpack_post_was_ever_published":false,"footnotes":""},"class_list":["post-147","page","type-page","status-publish","hentry"],"yoast_head":"<!-- This site is optimized with the Yoast SEO plugin v23.0 - https:\/\/yoast.com\/wordpress\/plugins\/seo\/ -->\n<title>Archivio Service - Rotary Galla Placidia Ravenna<\/title>\n<meta name=\"robots\" content=\"index, follow, max-snippet:-1, max-image-preview:large, max-video-preview:-1\" \/>\n<link rel=\"canonical\" href=\"https:\/\/rotarygallaplacidia.it\/cms\/archivio-service\/\" \/>\n<meta property=\"og:locale\" content=\"it_IT\" \/>\n<meta property=\"og:type\" content=\"article\" \/>\n<meta property=\"og:title\" content=\"Archivio Service - Rotary Galla Placidia Ravenna\" \/>\n<meta property=\"og:description\" content=\"Visualizza pagina Anno Rotariano 2019-20 SERVICE FABIONLUS \u2013 LOTTA ALLA SLA (con RC RAVENNA) Il Rotary Club Ravenna Galla Placidia e il Rotary Club Ravenna hanno organizzato, su iniziativa dei rispettivi gruppi consorti, una lotteria di beneficenza a sostegno dell&#8217;associazione Fabionlus (SLA). Grande successo, con il ricavato di 10.000 euro [&hellip;]\" \/>\n<meta property=\"og:url\" content=\"https:\/\/rotarygallaplacidia.it\/cms\/archivio-service\/\" \/>\n<meta property=\"og:site_name\" content=\"Rotary Galla Placidia Ravenna\" \/>\n<meta property=\"article:modified_time\" content=\"2020-07-12T19:43:45+00:00\" \/>\n<meta name=\"twitter:card\" content=\"summary_large_image\" \/>\n<meta name=\"twitter:label1\" content=\"Tempo di lettura stimato\" \/>\n\t<meta name=\"twitter:data1\" content=\"8 minuti\" \/>\n<script type=\"application\/ld+json\" class=\"yoast-schema-graph\">{\"@context\":\"https:\/\/schema.org\",\"@graph\":[{\"@type\":\"WebPage\",\"@id\":\"https:\/\/rotarygallaplacidia.it\/cms\/archivio-service\/\",\"url\":\"https:\/\/rotarygallaplacidia.it\/cms\/archivio-service\/\",\"name\":\"Archivio Service - Rotary Galla Placidia Ravenna\",\"isPartOf\":{\"@id\":\"https:\/\/rotarygallaplacidia.it\/cms\/#website\"},\"datePublished\":\"2017-05-31T08:30:42+00:00\",\"dateModified\":\"2020-07-12T19:43:45+00:00\",\"breadcrumb\":{\"@id\":\"https:\/\/rotarygallaplacidia.it\/cms\/archivio-service\/#breadcrumb\"},\"inLanguage\":\"it-IT\",\"potentialAction\":[{\"@type\":\"ReadAction\",\"target\":[\"https:\/\/rotarygallaplacidia.it\/cms\/archivio-service\/\"]}]},{\"@type\":\"BreadcrumbList\",\"@id\":\"https:\/\/rotarygallaplacidia.it\/cms\/archivio-service\/#breadcrumb\",\"itemListElement\":[{\"@type\":\"ListItem\",\"position\":1,\"name\":\"Home\",\"item\":\"https:\/\/rotarygallaplacidia.it\/cms\/\"},{\"@type\":\"ListItem\",\"position\":2,\"name\":\"Archivio Service\"}]},{\"@type\":\"WebSite\",\"@id\":\"https:\/\/rotarygallaplacidia.it\/cms\/#website\",\"url\":\"https:\/\/rotarygallaplacidia.it\/cms\/\",\"name\":\"Rotary Galla Placidia Ravenna\",\"description\":\"Rotary Club Ravenna Galla Placidia\",\"publisher\":{\"@id\":\"https:\/\/rotarygallaplacidia.it\/cms\/#organization\"},\"potentialAction\":[{\"@type\":\"SearchAction\",\"target\":{\"@type\":\"EntryPoint\",\"urlTemplate\":\"https:\/\/rotarygallaplacidia.it\/cms\/?s={search_term_string}\"},\"query-input\":\"required name=search_term_string\"}],\"inLanguage\":\"it-IT\"},{\"@type\":\"Organization\",\"@id\":\"https:\/\/rotarygallaplacidia.it\/cms\/#organization\",\"name\":\"Rotary Galla Placidia Ravenna\",\"url\":\"https:\/\/rotarygallaplacidia.it\/cms\/\",\"logo\":{\"@type\":\"ImageObject\",\"inLanguage\":\"it-IT\",\"@id\":\"https:\/\/rotarygallaplacidia.it\/cms\/#\/schema\/logo\/image\/\",\"url\":\"https:\/\/i0.wp.com\/rotarygallaplacidia.it\/cms\/wp-content\/uploads\/2017\/05\/cropped-logo-5.png?fit=375%2C250&ssl=1\",\"contentUrl\":\"https:\/\/i0.wp.com\/rotarygallaplacidia.it\/cms\/wp-content\/uploads\/2017\/05\/cropped-logo-5.png?fit=375%2C250&ssl=1\",\"width\":375,\"height\":250,\"caption\":\"Rotary Galla Placidia Ravenna\"},\"image\":{\"@id\":\"https:\/\/rotarygallaplacidia.it\/cms\/#\/schema\/logo\/image\/\"}}]}<\/script>\n<!-- \/ Yoast SEO plugin. -->","yoast_head_json":{"title":"Archivio Service - Rotary Galla Placidia Ravenna","robots":{"index":"index","follow":"follow","max-snippet":"max-snippet:-1","max-image-preview":"max-image-preview:large","max-video-preview":"max-video-preview:-1"},"canonical":"https:\/\/rotarygallaplacidia.it\/cms\/archivio-service\/","og_locale":"it_IT","og_type":"article","og_title":"Archivio Service - Rotary Galla Placidia Ravenna","og_description":"Visualizza pagina Anno Rotariano 2019-20 SERVICE FABIONLUS \u2013 LOTTA ALLA SLA (con RC RAVENNA) Il Rotary Club Ravenna Galla Placidia e il Rotary Club Ravenna hanno organizzato, su iniziativa dei rispettivi gruppi consorti, una lotteria di beneficenza a sostegno dell&#8217;associazione Fabionlus (SLA). Grande successo, con il ricavato di 10.000 euro [&hellip;]","og_url":"https:\/\/rotarygallaplacidia.it\/cms\/archivio-service\/","og_site_name":"Rotary Galla Placidia Ravenna","article_modified_time":"2020-07-12T19:43:45+00:00","twitter_card":"summary_large_image","twitter_misc":{"Tempo di lettura stimato":"8 minuti"},"schema":{"@context":"https:\/\/schema.org","@graph":[{"@type":"WebPage","@id":"https:\/\/rotarygallaplacidia.it\/cms\/archivio-service\/","url":"https:\/\/rotarygallaplacidia.it\/cms\/archivio-service\/","name":"Archivio Service - Rotary Galla Placidia Ravenna","isPartOf":{"@id":"https:\/\/rotarygallaplacidia.it\/cms\/#website"},"datePublished":"2017-05-31T08:30:42+00:00","dateModified":"2020-07-12T19:43:45+00:00","breadcrumb":{"@id":"https:\/\/rotarygallaplacidia.it\/cms\/archivio-service\/#breadcrumb"},"inLanguage":"it-IT","potentialAction":[{"@type":"ReadAction","target":["https:\/\/rotarygallaplacidia.it\/cms\/archivio-service\/"]}]},{"@type":"BreadcrumbList","@id":"https:\/\/rotarygallaplacidia.it\/cms\/archivio-service\/#breadcrumb","itemListElement":[{"@type":"ListItem","position":1,"name":"Home","item":"https:\/\/rotarygallaplacidia.it\/cms\/"},{"@type":"ListItem","position":2,"name":"Archivio Service"}]},{"@type":"WebSite","@id":"https:\/\/rotarygallaplacidia.it\/cms\/#website","url":"https:\/\/rotarygallaplacidia.it\/cms\/","name":"Rotary Galla Placidia Ravenna","description":"Rotary Club Ravenna Galla Placidia","publisher":{"@id":"https:\/\/rotarygallaplacidia.it\/cms\/#organization"},"potentialAction":[{"@type":"SearchAction","target":{"@type":"EntryPoint","urlTemplate":"https:\/\/rotarygallaplacidia.it\/cms\/?s={search_term_string}"},"query-input":"required name=search_term_string"}],"inLanguage":"it-IT"},{"@type":"Organization","@id":"https:\/\/rotarygallaplacidia.it\/cms\/#organization","name":"Rotary Galla Placidia Ravenna","url":"https:\/\/rotarygallaplacidia.it\/cms\/","logo":{"@type":"ImageObject","inLanguage":"it-IT","@id":"https:\/\/rotarygallaplacidia.it\/cms\/#\/schema\/logo\/image\/","url":"https:\/\/i0.wp.com\/rotarygallaplacidia.it\/cms\/wp-content\/uploads\/2017\/05\/cropped-logo-5.png?fit=375%2C250&ssl=1","contentUrl":"https:\/\/i0.wp.com\/rotarygallaplacidia.it\/cms\/wp-content\/uploads\/2017\/05\/cropped-logo-5.png?fit=375%2C250&ssl=1","width":375,"height":250,"caption":"Rotary Galla Placidia Ravenna"},"image":{"@id":"https:\/\/rotarygallaplacidia.it\/cms\/#\/schema\/logo\/image\/"}}]}},"jetpack_sharing_enabled":true,"jetpack_shortlink":"https:\/\/wp.me\/P8KQsN-2n","jetpack-related-posts":[],"_links":{"self":[{"href":"https:\/\/rotarygallaplacidia.it\/cms\/wp-json\/wp\/v2\/pages\/147","targetHints":{"allow":["GET"]}}],"collection":[{"href":"https:\/\/rotarygallaplacidia.it\/cms\/wp-json\/wp\/v2\/pages"}],"about":[{"href":"https:\/\/rotarygallaplacidia.it\/cms\/wp-json\/wp\/v2\/types\/page"}],"author":[{"embeddable":true,"href":"https:\/\/rotarygallaplacidia.it\/cms\/wp-json\/wp\/v2\/users\/1"}],"replies":[{"embeddable":true,"href":"https:\/\/rotarygallaplacidia.it\/cms\/wp-json\/wp\/v2\/comments?post=147"}],"version-history":[{"count":0,"href":"https:\/\/rotarygallaplacidia.it\/cms\/wp-json\/wp\/v2\/pages\/147\/revisions"}],"wp:attachment":[{"href":"https:\/\/rotarygallaplacidia.it\/cms\/wp-json\/wp\/v2\/media?parent=147"}],"curies":[{"name":"wp","href":"https:\/\/api.w.org\/{rel}","templated":true}]}}