{"id":153,"date":"2017-05-31T08:31:51","date_gmt":"2017-05-31T08:31:51","guid":{"rendered":"http:\/\/rotarygallaplacidia.it\/cms\/?page_id=153"},"modified":"2017-05-31T08:31:51","modified_gmt":"2017-05-31T08:31:51","slug":"cosa-e-il-rotary","status":"publish","type":"page","link":"https:\/\/rotarygallaplacidia.it\/cms\/cosa-e-il-rotary\/","title":{"rendered":"Cosa \u00e8 il Rotary"},"content":{"rendered":"<p>Collaborando con altre organizzazioni, il Rotary riesce a conseguire risultati ben maggiori di quelli che si otterrebbero se ciascuno di noi agisse individualmente. Il Rotary \u00e8 costituito da tre componenti: al centro dell\u2019organizzazione vi sono i Rotary club, sostenuti dal Rotary International e dalla Fondazione Rotary.<\/p>\n<p>I Rotary club riuniscono persone impegnate, interessate a scambiare idee, a stringere legami professionali e d\u2019amicizia e a partecipare a progetti di servizio alla comunit\u00e0.<\/p>\n<p>Il Rotary International supporta i Rotary club di tutto il mondo aiutandoli con il coordinamento dei progetti, con campagne di informazione e con altre iniziative\u00a0 di rilevanza globale.<\/p>\n<p>La Fondazione Rotary fornisce assistenza finanziaria ai progetti promossi dai Rotariani e dalle organizzazioni partner\u00a0 nel mondo. Non avendo scopo di lucro, la Fondazione \u00e8 sostenuta esclusivamente dalla generosit\u00e0 dei Rotariani e di altri sostenitori che ne condividono gli ideali di un mondo migliore.<\/p>\n<p>Insieme i Rotary club, il Rotary International e la Fondazione Rotary collaborano a iniziative volte a migliorare nel lungo termine le condizioni di vita nelle comunit\u00e0 di tutto il mondo.<\/p>\n<p>&nbsp;<\/p>\n<p>Il nome Rotary deriva dalla consuetudine di riunirsi a rotazione presso gli uffici dei soci.<\/p>\n<p>Il Rotary, che conta 1,2 milioni di soci, \u00e8 nato grazie all\u2019 Avv. Paul P. Harris, che il 23 febbraio 1905 fond\u00f2 il Rotary Club di Chicago come organizzazione di servizio e come luogo d\u2019incontro e di amicizia tra professionisti provenienti da settori diversi, uniti dal desiderio di contribuire al bene comune. In breve tempo il Rotary \u00e8 divenuto il pi\u00f9 prestigioso ed esclusivo tra i service club mondiali. Oggi i rotariani si incontrano per discutere dei bisogni pi\u00f9 urgenti nella loro zona e per trovare il modo migliore per farvi fronte. Siamo impegnati nel servire gli altri, promuovere l\u2019integrit\u00e0 e avanzare la comprensione, la buona volont\u00e0 e la pace nel mondo attraverso una rete di professionisti, imprenditori e personalit\u00e0 di spicco della comunit\u00e0.<\/p>\n<p>I nostri valori sono amicizia e comprensione mondiale, etica ed integrit\u00e0, diversit\u00e0, competenza professionale, servizio e leadership.<\/p>\n<p>La nostra organizzazione conta oggi 1,2 milioni di soci, ed \u00e8 l\u2019unica associazione non governativa che gode di un seggio permanente all\u2019ONU<\/p>\n<p>&nbsp;<\/p>\n<p><a href=\"https:\/\/www.rotary.org\/it\">https:\/\/www.rotary.org\/it<\/a><\/p>\n","protected":false},"excerpt":{"rendered":"<p>Collaborando con altre organizzazioni, il Rotary riesce a conseguire risultati ben maggiori di quelli che si otterrebbero se ciascuno di noi agisse individualmente. Il Rotary \u00e8 costituito da tre componenti: al centro dell\u2019organizzazione vi sono i Rotary club, sostenuti dal Rotary International e dalla Fondazione Rotary. I Rotary club riuniscono [&hellip;]<\/p>\n","protected":false},"author":1,"featured_media":0,"parent":0,"menu_order":0,"comment_status":"closed","ping_status":"closed","template":"","meta":{"jetpack_post_was_ever_published":false,"footnotes":""},"class_list":["post-153","page","type-page","status-publish","hentry"],"yoast_head":"<!-- This site is optimized with the Yoast SEO plugin v23.0 - https:\/\/yoast.com\/wordpress\/plugins\/seo\/ -->\n<title>Cosa \u00e8 il Rotary - Rotary Galla Placidia Ravenna<\/title>\n<meta name=\"robots\" content=\"index, follow, max-snippet:-1, max-image-preview:large, max-video-preview:-1\" \/>\n<link rel=\"canonical\" href=\"https:\/\/rotarygallaplacidia.it\/cms\/cosa-e-il-rotary\/\" \/>\n<meta property=\"og:locale\" content=\"it_IT\" \/>\n<meta property=\"og:type\" content=\"article\" \/>\n<meta property=\"og:title\" content=\"Cosa \u00e8 il Rotary - Rotary Galla Placidia Ravenna\" \/>\n<meta property=\"og:description\" content=\"Collaborando con altre organizzazioni, il Rotary riesce a conseguire risultati ben maggiori di quelli che si otterrebbero se ciascuno di noi agisse individualmente. Il Rotary \u00e8 costituito da tre componenti: al centro dell\u2019organizzazione vi sono i Rotary club, sostenuti dal Rotary International e dalla Fondazione Rotary. I Rotary club riuniscono [&hellip;]\" \/>\n<meta property=\"og:url\" content=\"https:\/\/rotarygallaplacidia.it\/cms\/cosa-e-il-rotary\/\" \/>\n<meta property=\"og:site_name\" content=\"Rotary Galla Placidia Ravenna\" \/>\n<meta name=\"twitter:card\" content=\"summary_large_image\" \/>\n<meta name=\"twitter:label1\" content=\"Tempo di lettura stimato\" \/>\n\t<meta name=\"twitter:data1\" content=\"2 minuti\" \/>\n<script type=\"application\/ld+json\" class=\"yoast-schema-graph\">{\"@context\":\"https:\/\/schema.org\",\"@graph\":[{\"@type\":\"WebPage\",\"@id\":\"https:\/\/rotarygallaplacidia.it\/cms\/cosa-e-il-rotary\/\",\"url\":\"https:\/\/rotarygallaplacidia.it\/cms\/cosa-e-il-rotary\/\",\"name\":\"Cosa \u00e8 il Rotary - Rotary Galla Placidia Ravenna\",\"isPartOf\":{\"@id\":\"https:\/\/rotarygallaplacidia.it\/cms\/#website\"},\"datePublished\":\"2017-05-31T08:31:51+00:00\",\"dateModified\":\"2017-05-31T08:31:51+00:00\",\"breadcrumb\":{\"@id\":\"https:\/\/rotarygallaplacidia.it\/cms\/cosa-e-il-rotary\/#breadcrumb\"},\"inLanguage\":\"it-IT\",\"potentialAction\":[{\"@type\":\"ReadAction\",\"target\":[\"https:\/\/rotarygallaplacidia.it\/cms\/cosa-e-il-rotary\/\"]}]},{\"@type\":\"BreadcrumbList\",\"@id\":\"https:\/\/rotarygallaplacidia.it\/cms\/cosa-e-il-rotary\/#breadcrumb\",\"itemListElement\":[{\"@type\":\"ListItem\",\"position\":1,\"name\":\"Home\",\"item\":\"https:\/\/rotarygallaplacidia.it\/cms\/\"},{\"@type\":\"ListItem\",\"position\":2,\"name\":\"Cosa \u00e8 il Rotary\"}]},{\"@type\":\"WebSite\",\"@id\":\"https:\/\/rotarygallaplacidia.it\/cms\/#website\",\"url\":\"https:\/\/rotarygallaplacidia.it\/cms\/\",\"name\":\"Rotary Galla Placidia Ravenna\",\"description\":\"Rotary Club Ravenna Galla Placidia\",\"publisher\":{\"@id\":\"https:\/\/rotarygallaplacidia.it\/cms\/#organization\"},\"potentialAction\":[{\"@type\":\"SearchAction\",\"target\":{\"@type\":\"EntryPoint\",\"urlTemplate\":\"https:\/\/rotarygallaplacidia.it\/cms\/?s={search_term_string}\"},\"query-input\":\"required name=search_term_string\"}],\"inLanguage\":\"it-IT\"},{\"@type\":\"Organization\",\"@id\":\"https:\/\/rotarygallaplacidia.it\/cms\/#organization\",\"name\":\"Rotary Galla Placidia Ravenna\",\"url\":\"https:\/\/rotarygallaplacidia.it\/cms\/\",\"logo\":{\"@type\":\"ImageObject\",\"inLanguage\":\"it-IT\",\"@id\":\"https:\/\/rotarygallaplacidia.it\/cms\/#\/schema\/logo\/image\/\",\"url\":\"https:\/\/i0.wp.com\/rotarygallaplacidia.it\/cms\/wp-content\/uploads\/2017\/05\/cropped-logo-5.png?fit=375%2C250&ssl=1\",\"contentUrl\":\"https:\/\/i0.wp.com\/rotarygallaplacidia.it\/cms\/wp-content\/uploads\/2017\/05\/cropped-logo-5.png?fit=375%2C250&ssl=1\",\"width\":375,\"height\":250,\"caption\":\"Rotary Galla Placidia Ravenna\"},\"image\":{\"@id\":\"https:\/\/rotarygallaplacidia.it\/cms\/#\/schema\/logo\/image\/\"}}]}<\/script>\n<!-- \/ Yoast SEO plugin. -->","yoast_head_json":{"title":"Cosa \u00e8 il Rotary - Rotary Galla Placidia Ravenna","robots":{"index":"index","follow":"follow","max-snippet":"max-snippet:-1","max-image-preview":"max-image-preview:large","max-video-preview":"max-video-preview:-1"},"canonical":"https:\/\/rotarygallaplacidia.it\/cms\/cosa-e-il-rotary\/","og_locale":"it_IT","og_type":"article","og_title":"Cosa \u00e8 il Rotary - Rotary Galla Placidia Ravenna","og_description":"Collaborando con altre organizzazioni, il Rotary riesce a conseguire risultati ben maggiori di quelli che si otterrebbero se ciascuno di noi agisse individualmente. Il Rotary \u00e8 costituito da tre componenti: al centro dell\u2019organizzazione vi sono i Rotary club, sostenuti dal Rotary International e dalla Fondazione Rotary. I Rotary club riuniscono [&hellip;]","og_url":"https:\/\/rotarygallaplacidia.it\/cms\/cosa-e-il-rotary\/","og_site_name":"Rotary Galla Placidia Ravenna","twitter_card":"summary_large_image","twitter_misc":{"Tempo di lettura stimato":"2 minuti"},"schema":{"@context":"https:\/\/schema.org","@graph":[{"@type":"WebPage","@id":"https:\/\/rotarygallaplacidia.it\/cms\/cosa-e-il-rotary\/","url":"https:\/\/rotarygallaplacidia.it\/cms\/cosa-e-il-rotary\/","name":"Cosa \u00e8 il Rotary - Rotary Galla Placidia Ravenna","isPartOf":{"@id":"https:\/\/rotarygallaplacidia.it\/cms\/#website"},"datePublished":"2017-05-31T08:31:51+00:00","dateModified":"2017-05-31T08:31:51+00:00","breadcrumb":{"@id":"https:\/\/rotarygallaplacidia.it\/cms\/cosa-e-il-rotary\/#breadcrumb"},"inLanguage":"it-IT","potentialAction":[{"@type":"ReadAction","target":["https:\/\/rotarygallaplacidia.it\/cms\/cosa-e-il-rotary\/"]}]},{"@type":"BreadcrumbList","@id":"https:\/\/rotarygallaplacidia.it\/cms\/cosa-e-il-rotary\/#breadcrumb","itemListElement":[{"@type":"ListItem","position":1,"name":"Home","item":"https:\/\/rotarygallaplacidia.it\/cms\/"},{"@type":"ListItem","position":2,"name":"Cosa \u00e8 il Rotary"}]},{"@type":"WebSite","@id":"https:\/\/rotarygallaplacidia.it\/cms\/#website","url":"https:\/\/rotarygallaplacidia.it\/cms\/","name":"Rotary Galla Placidia Ravenna","description":"Rotary Club Ravenna Galla Placidia","publisher":{"@id":"https:\/\/rotarygallaplacidia.it\/cms\/#organization"},"potentialAction":[{"@type":"SearchAction","target":{"@type":"EntryPoint","urlTemplate":"https:\/\/rotarygallaplacidia.it\/cms\/?s={search_term_string}"},"query-input":"required name=search_term_string"}],"inLanguage":"it-IT"},{"@type":"Organization","@id":"https:\/\/rotarygallaplacidia.it\/cms\/#organization","name":"Rotary Galla Placidia Ravenna","url":"https:\/\/rotarygallaplacidia.it\/cms\/","logo":{"@type":"ImageObject","inLanguage":"it-IT","@id":"https:\/\/rotarygallaplacidia.it\/cms\/#\/schema\/logo\/image\/","url":"https:\/\/i0.wp.com\/rotarygallaplacidia.it\/cms\/wp-content\/uploads\/2017\/05\/cropped-logo-5.png?fit=375%2C250&ssl=1","contentUrl":"https:\/\/i0.wp.com\/rotarygallaplacidia.it\/cms\/wp-content\/uploads\/2017\/05\/cropped-logo-5.png?fit=375%2C250&ssl=1","width":375,"height":250,"caption":"Rotary Galla Placidia Ravenna"},"image":{"@id":"https:\/\/rotarygallaplacidia.it\/cms\/#\/schema\/logo\/image\/"}}]}},"jetpack_sharing_enabled":true,"jetpack_shortlink":"https:\/\/wp.me\/P8KQsN-2t","jetpack-related-posts":[],"_links":{"self":[{"href":"https:\/\/rotarygallaplacidia.it\/cms\/wp-json\/wp\/v2\/pages\/153","targetHints":{"allow":["GET"]}}],"collection":[{"href":"https:\/\/rotarygallaplacidia.it\/cms\/wp-json\/wp\/v2\/pages"}],"about":[{"href":"https:\/\/rotarygallaplacidia.it\/cms\/wp-json\/wp\/v2\/types\/page"}],"author":[{"embeddable":true,"href":"https:\/\/rotarygallaplacidia.it\/cms\/wp-json\/wp\/v2\/users\/1"}],"replies":[{"embeddable":true,"href":"https:\/\/rotarygallaplacidia.it\/cms\/wp-json\/wp\/v2\/comments?post=153"}],"version-history":[{"count":0,"href":"https:\/\/rotarygallaplacidia.it\/cms\/wp-json\/wp\/v2\/pages\/153\/revisions"}],"wp:attachment":[{"href":"https:\/\/rotarygallaplacidia.it\/cms\/wp-json\/wp\/v2\/media?parent=153"}],"curies":[{"name":"wp","href":"https:\/\/api.w.org\/{rel}","templated":true}]}}