{"id":159,"date":"2017-05-31T08:32:44","date_gmt":"2017-05-31T08:32:44","guid":{"rendered":"http:\/\/rotarygallaplacidia.it\/cms\/?page_id=159"},"modified":"2017-05-31T08:32:44","modified_gmt":"2017-05-31T08:32:44","slug":"il-distretto-2072","status":"publish","type":"page","link":"https:\/\/rotarygallaplacidia.it\/cms\/il-distretto-2072\/","title":{"rendered":"Il Distretto 2072"},"content":{"rendered":"<p>Ogni Nazione \u00e8 suddivisa in Distretti, ognuno dei quali racchiude i Club della zona assegnata. In Italia i Distretti sono dieci, il Distretto al quale appartiene il nostro Club \u00e8 il 2072 che comprende l\u2019Emilia-Romagna (tranne Piacenza) e San Marino e conta oltre 50 Club.<\/p>\n<p>Tale configurazione territoriale \u00e8 diventata operativa a partire dall\u2019Anno Rotariano 2013\/2014. Precedentemente i Club del Distretto 2072 facevano parte del Distretto 2070 (comprendente Emilia Romagna, Repubblica di San Marino e Toscana), la cui configurazione \u00e8 stata introdotta nell\u2019Anno Rotariano 1972\/73<\/p>\n<p>Compito del distretto, al cui vertice \u00e8 un Governatore, \u00e8 quello di coordinare le attivit\u00e0 dei club e di fornire un supporto fra i vari club e il RI.<\/p>\n<p>&nbsp;<\/p>\n<p><a href=\"http:\/\/www.rotary2072.org\/rotary2072\/\">http:\/\/www.rotary2072.org\/rotary2072\/<\/a><\/p>\n","protected":false},"excerpt":{"rendered":"<p>Ogni Nazione \u00e8 suddivisa in Distretti, ognuno dei quali racchiude i Club della zona assegnata. In Italia i Distretti sono dieci, il Distretto al quale appartiene il nostro Club \u00e8 il 2072 che comprende l\u2019Emilia-Romagna (tranne Piacenza) e San Marino e conta oltre 50 Club. Tale configurazione territoriale \u00e8 diventata [&hellip;]<\/p>\n","protected":false},"author":1,"featured_media":0,"parent":0,"menu_order":0,"comment_status":"closed","ping_status":"closed","template":"","meta":{"jetpack_post_was_ever_published":false,"footnotes":""},"class_list":["post-159","page","type-page","status-publish","hentry"],"yoast_head":"<!-- This site is optimized with the Yoast SEO plugin v23.0 - https:\/\/yoast.com\/wordpress\/plugins\/seo\/ -->\n<title>Il Distretto 2072 - Rotary Galla Placidia Ravenna<\/title>\n<meta name=\"robots\" content=\"index, follow, max-snippet:-1, max-image-preview:large, max-video-preview:-1\" \/>\n<link rel=\"canonical\" href=\"https:\/\/rotarygallaplacidia.it\/cms\/il-distretto-2072\/\" \/>\n<meta property=\"og:locale\" content=\"it_IT\" \/>\n<meta property=\"og:type\" content=\"article\" \/>\n<meta property=\"og:title\" content=\"Il Distretto 2072 - Rotary Galla Placidia Ravenna\" \/>\n<meta property=\"og:description\" content=\"Ogni Nazione \u00e8 suddivisa in Distretti, ognuno dei quali racchiude i Club della zona assegnata. In Italia i Distretti sono dieci, il Distretto al quale appartiene il nostro Club \u00e8 il 2072 che comprende l\u2019Emilia-Romagna (tranne Piacenza) e San Marino e conta oltre 50 Club. Tale configurazione territoriale \u00e8 diventata [&hellip;]\" \/>\n<meta property=\"og:url\" content=\"https:\/\/rotarygallaplacidia.it\/cms\/il-distretto-2072\/\" \/>\n<meta property=\"og:site_name\" content=\"Rotary Galla Placidia Ravenna\" \/>\n<meta name=\"twitter:card\" content=\"summary_large_image\" \/>\n<meta name=\"twitter:label1\" content=\"Tempo di lettura stimato\" \/>\n\t<meta name=\"twitter:data1\" content=\"1 minuto\" \/>\n<script type=\"application\/ld+json\" class=\"yoast-schema-graph\">{\"@context\":\"https:\/\/schema.org\",\"@graph\":[{\"@type\":\"WebPage\",\"@id\":\"https:\/\/rotarygallaplacidia.it\/cms\/il-distretto-2072\/\",\"url\":\"https:\/\/rotarygallaplacidia.it\/cms\/il-distretto-2072\/\",\"name\":\"Il Distretto 2072 - Rotary Galla Placidia Ravenna\",\"isPartOf\":{\"@id\":\"https:\/\/rotarygallaplacidia.it\/cms\/#website\"},\"datePublished\":\"2017-05-31T08:32:44+00:00\",\"dateModified\":\"2017-05-31T08:32:44+00:00\",\"breadcrumb\":{\"@id\":\"https:\/\/rotarygallaplacidia.it\/cms\/il-distretto-2072\/#breadcrumb\"},\"inLanguage\":\"it-IT\",\"potentialAction\":[{\"@type\":\"ReadAction\",\"target\":[\"https:\/\/rotarygallaplacidia.it\/cms\/il-distretto-2072\/\"]}]},{\"@type\":\"BreadcrumbList\",\"@id\":\"https:\/\/rotarygallaplacidia.it\/cms\/il-distretto-2072\/#breadcrumb\",\"itemListElement\":[{\"@type\":\"ListItem\",\"position\":1,\"name\":\"Home\",\"item\":\"https:\/\/rotarygallaplacidia.it\/cms\/\"},{\"@type\":\"ListItem\",\"position\":2,\"name\":\"Il Distretto 2072\"}]},{\"@type\":\"WebSite\",\"@id\":\"https:\/\/rotarygallaplacidia.it\/cms\/#website\",\"url\":\"https:\/\/rotarygallaplacidia.it\/cms\/\",\"name\":\"Rotary Galla Placidia Ravenna\",\"description\":\"Rotary Club Ravenna Galla Placidia\",\"publisher\":{\"@id\":\"https:\/\/rotarygallaplacidia.it\/cms\/#organization\"},\"potentialAction\":[{\"@type\":\"SearchAction\",\"target\":{\"@type\":\"EntryPoint\",\"urlTemplate\":\"https:\/\/rotarygallaplacidia.it\/cms\/?s={search_term_string}\"},\"query-input\":\"required name=search_term_string\"}],\"inLanguage\":\"it-IT\"},{\"@type\":\"Organization\",\"@id\":\"https:\/\/rotarygallaplacidia.it\/cms\/#organization\",\"name\":\"Rotary Galla Placidia Ravenna\",\"url\":\"https:\/\/rotarygallaplacidia.it\/cms\/\",\"logo\":{\"@type\":\"ImageObject\",\"inLanguage\":\"it-IT\",\"@id\":\"https:\/\/rotarygallaplacidia.it\/cms\/#\/schema\/logo\/image\/\",\"url\":\"https:\/\/i0.wp.com\/rotarygallaplacidia.it\/cms\/wp-content\/uploads\/2017\/05\/cropped-logo-5.png?fit=375%2C250&ssl=1\",\"contentUrl\":\"https:\/\/i0.wp.com\/rotarygallaplacidia.it\/cms\/wp-content\/uploads\/2017\/05\/cropped-logo-5.png?fit=375%2C250&ssl=1\",\"width\":375,\"height\":250,\"caption\":\"Rotary Galla Placidia Ravenna\"},\"image\":{\"@id\":\"https:\/\/rotarygallaplacidia.it\/cms\/#\/schema\/logo\/image\/\"}}]}<\/script>\n<!-- \/ Yoast SEO plugin. -->","yoast_head_json":{"title":"Il Distretto 2072 - Rotary Galla Placidia Ravenna","robots":{"index":"index","follow":"follow","max-snippet":"max-snippet:-1","max-image-preview":"max-image-preview:large","max-video-preview":"max-video-preview:-1"},"canonical":"https:\/\/rotarygallaplacidia.it\/cms\/il-distretto-2072\/","og_locale":"it_IT","og_type":"article","og_title":"Il Distretto 2072 - Rotary Galla Placidia Ravenna","og_description":"Ogni Nazione \u00e8 suddivisa in Distretti, ognuno dei quali racchiude i Club della zona assegnata. In Italia i Distretti sono dieci, il Distretto al quale appartiene il nostro Club \u00e8 il 2072 che comprende l\u2019Emilia-Romagna (tranne Piacenza) e San Marino e conta oltre 50 Club. Tale configurazione territoriale \u00e8 diventata [&hellip;]","og_url":"https:\/\/rotarygallaplacidia.it\/cms\/il-distretto-2072\/","og_site_name":"Rotary Galla Placidia Ravenna","twitter_card":"summary_large_image","twitter_misc":{"Tempo di lettura stimato":"1 minuto"},"schema":{"@context":"https:\/\/schema.org","@graph":[{"@type":"WebPage","@id":"https:\/\/rotarygallaplacidia.it\/cms\/il-distretto-2072\/","url":"https:\/\/rotarygallaplacidia.it\/cms\/il-distretto-2072\/","name":"Il Distretto 2072 - Rotary Galla Placidia Ravenna","isPartOf":{"@id":"https:\/\/rotarygallaplacidia.it\/cms\/#website"},"datePublished":"2017-05-31T08:32:44+00:00","dateModified":"2017-05-31T08:32:44+00:00","breadcrumb":{"@id":"https:\/\/rotarygallaplacidia.it\/cms\/il-distretto-2072\/#breadcrumb"},"inLanguage":"it-IT","potentialAction":[{"@type":"ReadAction","target":["https:\/\/rotarygallaplacidia.it\/cms\/il-distretto-2072\/"]}]},{"@type":"BreadcrumbList","@id":"https:\/\/rotarygallaplacidia.it\/cms\/il-distretto-2072\/#breadcrumb","itemListElement":[{"@type":"ListItem","position":1,"name":"Home","item":"https:\/\/rotarygallaplacidia.it\/cms\/"},{"@type":"ListItem","position":2,"name":"Il Distretto 2072"}]},{"@type":"WebSite","@id":"https:\/\/rotarygallaplacidia.it\/cms\/#website","url":"https:\/\/rotarygallaplacidia.it\/cms\/","name":"Rotary Galla Placidia Ravenna","description":"Rotary Club Ravenna Galla Placidia","publisher":{"@id":"https:\/\/rotarygallaplacidia.it\/cms\/#organization"},"potentialAction":[{"@type":"SearchAction","target":{"@type":"EntryPoint","urlTemplate":"https:\/\/rotarygallaplacidia.it\/cms\/?s={search_term_string}"},"query-input":"required name=search_term_string"}],"inLanguage":"it-IT"},{"@type":"Organization","@id":"https:\/\/rotarygallaplacidia.it\/cms\/#organization","name":"Rotary Galla Placidia Ravenna","url":"https:\/\/rotarygallaplacidia.it\/cms\/","logo":{"@type":"ImageObject","inLanguage":"it-IT","@id":"https:\/\/rotarygallaplacidia.it\/cms\/#\/schema\/logo\/image\/","url":"https:\/\/i0.wp.com\/rotarygallaplacidia.it\/cms\/wp-content\/uploads\/2017\/05\/cropped-logo-5.png?fit=375%2C250&ssl=1","contentUrl":"https:\/\/i0.wp.com\/rotarygallaplacidia.it\/cms\/wp-content\/uploads\/2017\/05\/cropped-logo-5.png?fit=375%2C250&ssl=1","width":375,"height":250,"caption":"Rotary Galla Placidia Ravenna"},"image":{"@id":"https:\/\/rotarygallaplacidia.it\/cms\/#\/schema\/logo\/image\/"}}]}},"jetpack_sharing_enabled":true,"jetpack_shortlink":"https:\/\/wp.me\/P8KQsN-2z","jetpack-related-posts":[],"_links":{"self":[{"href":"https:\/\/rotarygallaplacidia.it\/cms\/wp-json\/wp\/v2\/pages\/159","targetHints":{"allow":["GET"]}}],"collection":[{"href":"https:\/\/rotarygallaplacidia.it\/cms\/wp-json\/wp\/v2\/pages"}],"about":[{"href":"https:\/\/rotarygallaplacidia.it\/cms\/wp-json\/wp\/v2\/types\/page"}],"author":[{"embeddable":true,"href":"https:\/\/rotarygallaplacidia.it\/cms\/wp-json\/wp\/v2\/users\/1"}],"replies":[{"embeddable":true,"href":"https:\/\/rotarygallaplacidia.it\/cms\/wp-json\/wp\/v2\/comments?post=159"}],"version-history":[{"count":0,"href":"https:\/\/rotarygallaplacidia.it\/cms\/wp-json\/wp\/v2\/pages\/159\/revisions"}],"wp:attachment":[{"href":"https:\/\/rotarygallaplacidia.it\/cms\/wp-json\/wp\/v2\/media?parent=159"}],"curies":[{"name":"wp","href":"https:\/\/api.w.org\/{rel}","templated":true}]}}