{"id":162,"date":"2017-05-31T08:33:06","date_gmt":"2017-05-31T08:33:06","guid":{"rendered":"http:\/\/rotarygallaplacidia.it\/cms\/?page_id=162"},"modified":"2017-05-31T08:33:06","modified_gmt":"2017-05-31T08:33:06","slug":"rotaract","status":"publish","type":"page","link":"https:\/\/rotarygallaplacidia.it\/cms\/rotaract\/","title":{"rendered":"Rotaract"},"content":{"rendered":"<p>Il Rotaract \u00e8 un\u2019associazione promossa dal <a href=\"https:\/\/www.rotary.org\/it\">Rotary International<\/a> e dedicata a uomini e donne di et\u00e0 compresa tra i 18 e i 30 anni.<\/p>\n<p>I Club Rotaract organizzano attivit\u00e0 di raccolta fondi con lo scopo di soddisfare le esigenze della comunit\u00e0 locale, attivit\u00e0 volte a favorire la comprensione internazionale, riunioni formali, relazioni su temi di pubblico interesse, visite ad aziende, attivit\u00e0 culturali, campagne di sensibilizzazione nelle scuole.<\/p>\n<p>Siamo padrini, insieme al Club Rotary Ravenna, del Club Rotaract di Ravenna, ufficialmente ricostruito dal 2012.<\/p>\n<p>&nbsp;<\/p>\n<p>Segui il Rotaract di Ravenna su Facebook<\/p>\n<p><a href=\"https:\/\/www.facebook.com\/rotaractravenna\/\">https:\/\/www.facebook.com\/rotaractravenna\/<\/a><\/p>\n","protected":false},"excerpt":{"rendered":"<p>Il Rotaract \u00e8 un\u2019associazione promossa dal Rotary International e dedicata a uomini e donne di et\u00e0 compresa tra i 18 e i 30 anni. I Club Rotaract organizzano attivit\u00e0 di raccolta fondi con lo scopo di soddisfare le esigenze della comunit\u00e0 locale, attivit\u00e0 volte a favorire la comprensione internazionale, riunioni [&hellip;]<\/p>\n","protected":false},"author":1,"featured_media":0,"parent":0,"menu_order":0,"comment_status":"closed","ping_status":"closed","template":"","meta":{"jetpack_post_was_ever_published":false,"footnotes":""},"class_list":["post-162","page","type-page","status-publish","hentry"],"yoast_head":"<!-- This site is optimized with the Yoast SEO plugin v23.0 - https:\/\/yoast.com\/wordpress\/plugins\/seo\/ -->\n<title>Rotaract - Rotary Galla Placidia Ravenna<\/title>\n<meta name=\"robots\" content=\"index, follow, max-snippet:-1, max-image-preview:large, max-video-preview:-1\" \/>\n<link rel=\"canonical\" href=\"https:\/\/rotarygallaplacidia.it\/cms\/rotaract\/\" \/>\n<meta property=\"og:locale\" content=\"it_IT\" \/>\n<meta property=\"og:type\" content=\"article\" \/>\n<meta property=\"og:title\" content=\"Rotaract - Rotary Galla Placidia Ravenna\" \/>\n<meta property=\"og:description\" content=\"Il Rotaract \u00e8 un\u2019associazione promossa dal Rotary International e dedicata a uomini e donne di et\u00e0 compresa tra i 18 e i 30 anni. I Club Rotaract organizzano attivit\u00e0 di raccolta fondi con lo scopo di soddisfare le esigenze della comunit\u00e0 locale, attivit\u00e0 volte a favorire la comprensione internazionale, riunioni [&hellip;]\" \/>\n<meta property=\"og:url\" content=\"https:\/\/rotarygallaplacidia.it\/cms\/rotaract\/\" \/>\n<meta property=\"og:site_name\" content=\"Rotary Galla Placidia Ravenna\" \/>\n<meta name=\"twitter:card\" content=\"summary_large_image\" \/>\n<script type=\"application\/ld+json\" class=\"yoast-schema-graph\">{\"@context\":\"https:\/\/schema.org\",\"@graph\":[{\"@type\":\"WebPage\",\"@id\":\"https:\/\/rotarygallaplacidia.it\/cms\/rotaract\/\",\"url\":\"https:\/\/rotarygallaplacidia.it\/cms\/rotaract\/\",\"name\":\"Rotaract - Rotary Galla Placidia Ravenna\",\"isPartOf\":{\"@id\":\"https:\/\/rotarygallaplacidia.it\/cms\/#website\"},\"datePublished\":\"2017-05-31T08:33:06+00:00\",\"dateModified\":\"2017-05-31T08:33:06+00:00\",\"breadcrumb\":{\"@id\":\"https:\/\/rotarygallaplacidia.it\/cms\/rotaract\/#breadcrumb\"},\"inLanguage\":\"it-IT\",\"potentialAction\":[{\"@type\":\"ReadAction\",\"target\":[\"https:\/\/rotarygallaplacidia.it\/cms\/rotaract\/\"]}]},{\"@type\":\"BreadcrumbList\",\"@id\":\"https:\/\/rotarygallaplacidia.it\/cms\/rotaract\/#breadcrumb\",\"itemListElement\":[{\"@type\":\"ListItem\",\"position\":1,\"name\":\"Home\",\"item\":\"https:\/\/rotarygallaplacidia.it\/cms\/\"},{\"@type\":\"ListItem\",\"position\":2,\"name\":\"Rotaract\"}]},{\"@type\":\"WebSite\",\"@id\":\"https:\/\/rotarygallaplacidia.it\/cms\/#website\",\"url\":\"https:\/\/rotarygallaplacidia.it\/cms\/\",\"name\":\"Rotary Galla Placidia Ravenna\",\"description\":\"Rotary Club Ravenna Galla Placidia\",\"publisher\":{\"@id\":\"https:\/\/rotarygallaplacidia.it\/cms\/#organization\"},\"potentialAction\":[{\"@type\":\"SearchAction\",\"target\":{\"@type\":\"EntryPoint\",\"urlTemplate\":\"https:\/\/rotarygallaplacidia.it\/cms\/?s={search_term_string}\"},\"query-input\":\"required name=search_term_string\"}],\"inLanguage\":\"it-IT\"},{\"@type\":\"Organization\",\"@id\":\"https:\/\/rotarygallaplacidia.it\/cms\/#organization\",\"name\":\"Rotary Galla Placidia Ravenna\",\"url\":\"https:\/\/rotarygallaplacidia.it\/cms\/\",\"logo\":{\"@type\":\"ImageObject\",\"inLanguage\":\"it-IT\",\"@id\":\"https:\/\/rotarygallaplacidia.it\/cms\/#\/schema\/logo\/image\/\",\"url\":\"https:\/\/i0.wp.com\/rotarygallaplacidia.it\/cms\/wp-content\/uploads\/2017\/05\/cropped-logo-5.png?fit=375%2C250&ssl=1\",\"contentUrl\":\"https:\/\/i0.wp.com\/rotarygallaplacidia.it\/cms\/wp-content\/uploads\/2017\/05\/cropped-logo-5.png?fit=375%2C250&ssl=1\",\"width\":375,\"height\":250,\"caption\":\"Rotary Galla Placidia Ravenna\"},\"image\":{\"@id\":\"https:\/\/rotarygallaplacidia.it\/cms\/#\/schema\/logo\/image\/\"}}]}<\/script>\n<!-- \/ Yoast SEO plugin. -->","yoast_head_json":{"title":"Rotaract - Rotary Galla Placidia Ravenna","robots":{"index":"index","follow":"follow","max-snippet":"max-snippet:-1","max-image-preview":"max-image-preview:large","max-video-preview":"max-video-preview:-1"},"canonical":"https:\/\/rotarygallaplacidia.it\/cms\/rotaract\/","og_locale":"it_IT","og_type":"article","og_title":"Rotaract - Rotary Galla Placidia Ravenna","og_description":"Il Rotaract \u00e8 un\u2019associazione promossa dal Rotary International e dedicata a uomini e donne di et\u00e0 compresa tra i 18 e i 30 anni. I Club Rotaract organizzano attivit\u00e0 di raccolta fondi con lo scopo di soddisfare le esigenze della comunit\u00e0 locale, attivit\u00e0 volte a favorire la comprensione internazionale, riunioni [&hellip;]","og_url":"https:\/\/rotarygallaplacidia.it\/cms\/rotaract\/","og_site_name":"Rotary Galla Placidia Ravenna","twitter_card":"summary_large_image","schema":{"@context":"https:\/\/schema.org","@graph":[{"@type":"WebPage","@id":"https:\/\/rotarygallaplacidia.it\/cms\/rotaract\/","url":"https:\/\/rotarygallaplacidia.it\/cms\/rotaract\/","name":"Rotaract - Rotary Galla Placidia Ravenna","isPartOf":{"@id":"https:\/\/rotarygallaplacidia.it\/cms\/#website"},"datePublished":"2017-05-31T08:33:06+00:00","dateModified":"2017-05-31T08:33:06+00:00","breadcrumb":{"@id":"https:\/\/rotarygallaplacidia.it\/cms\/rotaract\/#breadcrumb"},"inLanguage":"it-IT","potentialAction":[{"@type":"ReadAction","target":["https:\/\/rotarygallaplacidia.it\/cms\/rotaract\/"]}]},{"@type":"BreadcrumbList","@id":"https:\/\/rotarygallaplacidia.it\/cms\/rotaract\/#breadcrumb","itemListElement":[{"@type":"ListItem","position":1,"name":"Home","item":"https:\/\/rotarygallaplacidia.it\/cms\/"},{"@type":"ListItem","position":2,"name":"Rotaract"}]},{"@type":"WebSite","@id":"https:\/\/rotarygallaplacidia.it\/cms\/#website","url":"https:\/\/rotarygallaplacidia.it\/cms\/","name":"Rotary Galla Placidia Ravenna","description":"Rotary Club Ravenna Galla Placidia","publisher":{"@id":"https:\/\/rotarygallaplacidia.it\/cms\/#organization"},"potentialAction":[{"@type":"SearchAction","target":{"@type":"EntryPoint","urlTemplate":"https:\/\/rotarygallaplacidia.it\/cms\/?s={search_term_string}"},"query-input":"required name=search_term_string"}],"inLanguage":"it-IT"},{"@type":"Organization","@id":"https:\/\/rotarygallaplacidia.it\/cms\/#organization","name":"Rotary Galla Placidia Ravenna","url":"https:\/\/rotarygallaplacidia.it\/cms\/","logo":{"@type":"ImageObject","inLanguage":"it-IT","@id":"https:\/\/rotarygallaplacidia.it\/cms\/#\/schema\/logo\/image\/","url":"https:\/\/i0.wp.com\/rotarygallaplacidia.it\/cms\/wp-content\/uploads\/2017\/05\/cropped-logo-5.png?fit=375%2C250&ssl=1","contentUrl":"https:\/\/i0.wp.com\/rotarygallaplacidia.it\/cms\/wp-content\/uploads\/2017\/05\/cropped-logo-5.png?fit=375%2C250&ssl=1","width":375,"height":250,"caption":"Rotary Galla Placidia Ravenna"},"image":{"@id":"https:\/\/rotarygallaplacidia.it\/cms\/#\/schema\/logo\/image\/"}}]}},"jetpack_sharing_enabled":true,"jetpack_shortlink":"https:\/\/wp.me\/P8KQsN-2C","jetpack-related-posts":[],"_links":{"self":[{"href":"https:\/\/rotarygallaplacidia.it\/cms\/wp-json\/wp\/v2\/pages\/162","targetHints":{"allow":["GET"]}}],"collection":[{"href":"https:\/\/rotarygallaplacidia.it\/cms\/wp-json\/wp\/v2\/pages"}],"about":[{"href":"https:\/\/rotarygallaplacidia.it\/cms\/wp-json\/wp\/v2\/types\/page"}],"author":[{"embeddable":true,"href":"https:\/\/rotarygallaplacidia.it\/cms\/wp-json\/wp\/v2\/users\/1"}],"replies":[{"embeddable":true,"href":"https:\/\/rotarygallaplacidia.it\/cms\/wp-json\/wp\/v2\/comments?post=162"}],"version-history":[{"count":0,"href":"https:\/\/rotarygallaplacidia.it\/cms\/wp-json\/wp\/v2\/pages\/162\/revisions"}],"wp:attachment":[{"href":"https:\/\/rotarygallaplacidia.it\/cms\/wp-json\/wp\/v2\/media?parent=162"}],"curies":[{"name":"wp","href":"https:\/\/api.w.org\/{rel}","templated":true}]}}